{"id":127,"date":"2018-08-31T08:14:21","date_gmt":"2018-08-31T11:14:21","guid":{"rendered":"http:\/\/voandoemdaytona.com.br\/?page_id=127"},"modified":"2018-08-31T08:14:21","modified_gmt":"2018-08-31T11:14:21","slug":"servicos-de-onibus","status":"publish","type":"page","link":"http:\/\/voandoemdaytona.com.br\/index.php\/informacoes\/servicos-de-onibus\/","title":{"rendered":"Servi\u00e7os de \u00d4nibus"},"content":{"rendered":"<div id=\"dslc-theme-content\"><div id=\"dslc-theme-content-inner\"><div id=\"dslc-main\">\n<div  class=\"dslc-modules-section  dslc-hide-on-tablet  dslc-hide-on-phone \" style=\"padding-bottom:175px;padding-top:175px;padding-left:12%;padding-right:12%;background-color:#2ecc71;background-image:url(http:\/\/voandoemdaytona.com.br\/wp-content\/uploads\/2018\/08\/Banner-6-Bus.png);background-repeat:no-repeat;background-position:center center;background-size:cover;\" data-section-id=\"0e3e87f6502\">\n<div class=\"dslc-modules-section-wrapper dslc-clearfix\">\n<style type=\"text\/css\" id=\"dslca-modules-area-\"><\/style>\n<div  class=\"dslc-modules-area dslc-col dslc-12-col dslc-last-col\" data-size=\"12\" data-valign=\"\" data-modules-area-id=\"\" >\n<div id=\"dslc-module-c1ca0813d3e\" class=\"dslc-module-front dslc-module-DSLC_Text_Simple dslc-in-viewport-check dslc-in-viewport-anim-none  dslc-col dslc-12-col dslc-last-col  dslc-module-handle-like-regular \" data-module-id=\"c1ca0813d3e\" data-module=\"DSLC_Text_Simple\" data-dslc-module-size=\"12\" data-dslc-anim=\"none\" data-dslc-anim-delay=\"\" data-dslc-anim-duration=\"650\"  data-dslc-anim-easing=\"ease\" data-dslc-preset=\"none\" >\n<div class=\"dslc-text-module-content\">\n<p>SERVI\u00c7OS DE \u00d4NIBUS<\/p>\n<\/p><\/div>\n<\/p><\/div>\n<p><!-- .dslc-module -->\n\t\t<\/div>\n<\/div>\n<\/div>\n<div  class=\"dslc-modules-section \" style=\"\" data-section-id=\"f8f159c0630\">\n<div class=\"dslc-modules-section-wrapper dslc-clearfix\">\n<style type=\"text\/css\" id=\"dslca-modules-area-\"><\/style>\n<div  class=\"dslc-modules-area dslc-col dslc-12-col dslc-last-col\" data-size=\"12\" data-valign=\"\" data-modules-area-id=\"\" >\n<div id=\"dslc-module-ed8a562ac0f\" class=\"dslc-module-front dslc-module-DSLC_Text_Simple dslc-in-viewport-check dslc-in-viewport-anim-none  dslc-col dslc-12-col dslc-last-col  dslc-module-handle-like-regular \" data-module-id=\"ed8a562ac0f\" data-module=\"DSLC_Text_Simple\" data-dslc-module-size=\"12\" data-dslc-anim=\"none\" data-dslc-anim-delay=\"\" data-dslc-anim-duration=\"650\"  data-dslc-anim-easing=\"ease\" data-dslc-preset=\"none\" >\n<div class=\"dslc-text-module-content\">\n<h2 style=\"text-align: center;\"><strong>SERVI\u00c7OS DE \u00d4NIBUS<\/strong><\/h2>\n<p>Votran - We drive a great bargain<br \/>Volusia County Transit<br \/>Bus Service Guide<br \/>Effective - June 2000<br \/>Information - 761-7700<br \/>TDD - 756-7494<\/p>\n<p><b>How to use the bus map and timetables<\/p>\n<p>SYSTEM MAP<br \/>Find the street where you are located on or the nearest street to you on the map, Note the name, number and color of the route nearest you. Bus departure times can be found on the timetable for this route.<\/p>\n<p>Find the location of your destination on the map. Look for the nearest bus route to thi location. If this route is different from the first route you have slected, look at the second timetable and map check where a trasnfer may be made. Most transfers are made at the VOTRAN Transfer may be made. Most transfers are made at the VOTRAN Transfer Plaza at Palmetto Avenue and Bethune Boulevard.<\/p>\n<p>TIMETABLE<br \/>Check the timetable portion of the schedule under the route number you have determined to be the best route for your trip and look for the time point (cross streets) closest to where you would like to board the bus. Follow the column down the timetable and find a departure time convenient for your trip. Read across the line to the time point closets to your destination transfer point to find your arrival time. If your boarding or destination point is between two time-points, the bus will arrive at your destination at a time between the time the bus passes the first time-point and arrives at the second time-point. If your trip appears difficult to plan or you have questions please call 761-7700 for assistence. We will help you plan your trip.<\/b><\/p>\n<\/p><\/div>\n<\/p><\/div>\n<p><!-- .dslc-module --><\/p>\n<div id=\"dslc-module-2dfd7843dcb\" class=\"dslc-module-front dslc-module-DSLC_Image dslc-in-viewport-check dslc-in-viewport-anim-none  dslc-col dslc-12-col dslc-last-col  dslc-module-handle-like-regular \" data-module-id=\"2dfd7843dcb\" data-module=\"DSLC_Image\" data-dslc-module-size=\"12\" data-dslc-anim=\"none\" data-dslc-anim-delay=\"\" data-dslc-anim-duration=\"650\"  data-dslc-anim-easing=\"ease\" data-dslc-preset=\"none\" >\n<div class=\"dslc-image-container\">\n<div class=\"dslc-image\">\n<p>\t\t\t\t\t\t\t\t\t<a class=\"dslc-lightbox-image \" href=\"http:\/\/voandoemdaytona.com.br\/wp-content\/uploads\/2018\/08\/mapa11g.jpg\" target=\"_self\"  ><br \/>\n\t\t\t\t\t\t\t\t\t<img decoding=\"async\" src=\"http:\/\/voandoemdaytona.com.br\/wp-content\/uploads\/2018\/08\/mapa11g.jpg\" alt=\"\" title=\"\" srcset=\"http:\/\/voandoemdaytona.com.br\/wp-content\/uploads\/2018\/08\/mapa11g.jpg 2025w, http:\/\/voandoemdaytona.com.br\/wp-content\/uploads\/2018\/08\/mapa11g-300x96.jpg 300w, http:\/\/voandoemdaytona.com.br\/wp-content\/uploads\/2018\/08\/mapa11g-768x247.jpg 768w, http:\/\/voandoemdaytona.com.br\/wp-content\/uploads\/2018\/08\/mapa11g-1024x329.jpg 1024w\" sizes=\"(max-width: 2025px) 100vw, 2025px\" \/><br \/>\n\t\t\t\t\t\t\t\t\t<\/a><\/p>\n<div class=\"dslc-image-caption\">\n<p>\t\t\t\t\t\t\t\t\t\t\t\t\tItiner\u00e1rio de \u00d4nibus (Clique na Imagem para Ampliar)\t\t\t\t\t\t\t\t\t\t\t<\/p><\/div>\n<\/p><\/div>\n<p><!-- .dslc-image -->\n\t\t<\/div>\n<\/p><\/div>\n<p><!-- .dslc-module -->\n\t\t<\/div>\n<\/div>\n<\/div>\n<\/div>\n<\/div><\/div>","protected":false},"excerpt":{"rendered":"<p>SERVI\u00c7OS DE \u00d4NIBUS SERVI\u00c7OS DE \u00d4NIBUS Votran - We drive a great bargainVolusia County TransitBus Service GuideEffective - June 2000Information - 761-7700TDD - 756-7494 How to use the bus map and timetables SYSTEM MAPFind the street where you are located on or the nearest street to you on the map, Note the name, number and [&hellip;]<\/p>\n","protected":false},"author":1,"featured_media":0,"parent":101,"menu_order":0,"comment_status":"closed","ping_status":"closed","template":"","meta":{"footnotes":""},"class_list":["post-127","page","type-page","status-publish","hentry"],"_links":{"self":[{"href":"http:\/\/voandoemdaytona.com.br\/index.php\/wp-json\/wp\/v2\/pages\/127","targetHints":{"allow":["GET"]}}],"collection":[{"href":"http:\/\/voandoemdaytona.com.br\/index.php\/wp-json\/wp\/v2\/pages"}],"about":[{"href":"http:\/\/voandoemdaytona.com.br\/index.php\/wp-json\/wp\/v2\/types\/page"}],"author":[{"embeddable":true,"href":"http:\/\/voandoemdaytona.com.br\/index.php\/wp-json\/wp\/v2\/users\/1"}],"replies":[{"embeddable":true,"href":"http:\/\/voandoemdaytona.com.br\/index.php\/wp-json\/wp\/v2\/comments?post=127"}],"version-history":[{"count":1,"href":"http:\/\/voandoemdaytona.com.br\/index.php\/wp-json\/wp\/v2\/pages\/127\/revisions"}],"predecessor-version":[{"id":128,"href":"http:\/\/voandoemdaytona.com.br\/index.php\/wp-json\/wp\/v2\/pages\/127\/revisions\/128"}],"up":[{"embeddable":true,"href":"http:\/\/voandoemdaytona.com.br\/index.php\/wp-json\/wp\/v2\/pages\/101"}],"wp:attachment":[{"href":"http:\/\/voandoemdaytona.com.br\/index.php\/wp-json\/wp\/v2\/media?parent=127"}],"curies":[{"name":"wp","href":"https:\/\/api.w.org\/{rel}","templated":true}]}}