{"id":26,"date":"2018-08-29T12:07:04","date_gmt":"2018-08-29T15:07:04","guid":{"rendered":"http:\/\/voandoemdaytona.com.br\/?page_id=26"},"modified":"2018-08-29T12:07:04","modified_gmt":"2018-08-29T15:07:04","slug":"sobre-daytona","status":"publish","type":"page","link":"https:\/\/voandoemdaytona.com.br\/index.php\/sobre-daytona\/","title":{"rendered":"Sobre Daytona"},"content":{"rendered":"<div id=\"dslc-theme-content\"><div id=\"dslc-theme-content-inner\"><div id=\"dslc-main\">\n<div  class=\"dslc-modules-section  dslc-hide-on-tablet  dslc-hide-on-phone \" style=\"padding-bottom:175px;padding-top:175px;padding-left:12%;padding-right:12%;background-color:#2ecc71;background-image:url(https:\/\/voandoemdaytona.com.br\/wp-content\/uploads\/2018\/08\/Teste-de-Banner-2.png);background-repeat:no-repeat;background-position:center center;background-size:cover;\" data-section-id=\"6baaad8c86f\">\n<div class=\"dslc-modules-section-wrapper dslc-clearfix\">\n<style type=\"text\/css\" id=\"dslca-modules-area-\"><\/style>\n<div  class=\"dslc-modules-area dslc-col dslc-12-col dslc-last-col\" data-size=\"12\" data-valign=\"\" data-modules-area-id=\"\" >\n<div id=\"dslc-module-372f033ae17\" class=\"dslc-module-front dslc-module-DSLC_Text_Simple dslc-in-viewport-check dslc-in-viewport-anim-none  dslc-col dslc-12-col dslc-last-col  dslc-module-handle-like-regular \" data-module-id=\"372f033ae17\" data-module=\"DSLC_Text_Simple\" data-dslc-module-size=\"12\" data-dslc-anim=\"none\" data-dslc-anim-delay=\"\" data-dslc-anim-duration=\"650\"  data-dslc-anim-easing=\"ease\" data-dslc-preset=\"none\" >\n<div class=\"dslc-text-module-content\">\n<p>SOBRE DAYTONA<\/p>\n<\/p><\/div>\n<\/p><\/div>\n<p><!-- .dslc-module -->\n\t\t<\/div>\n<\/div>\n<\/div>\n<div  class=\"dslc-modules-section \" style=\"\" data-section-id=\"c72c7371fcd\">\n<div class=\"dslc-modules-section-wrapper dslc-clearfix\">\n<style type=\"text\/css\" id=\"dslca-modules-area-\"><\/style>\n<div  class=\"dslc-modules-area dslc-col dslc-12-col dslc-last-col\" data-size=\"12\" data-valign=\"\" data-modules-area-id=\"\" >\n<div id=\"dslc-module-9a27f87d5be\" class=\"dslc-module-front dslc-module-DSLC_Text_Simple dslc-in-viewport-check dslc-in-viewport-anim-none  dslc-col dslc-12-col dslc-last-col  dslc-module-handle-like-regular \" data-module-id=\"9a27f87d5be\" data-module=\"DSLC_Text_Simple\" data-dslc-module-size=\"12\" data-dslc-anim=\"none\" data-dslc-anim-delay=\"\" data-dslc-anim-duration=\"650\"  data-dslc-anim-easing=\"ease\" data-dslc-preset=\"none\" >\n<div class=\"dslc-text-module-content\">\n<h2><strong>Sobre Daytona<\/strong><\/h2>\n<p>Phoenix East Aviation est\u00e1 localizada em uma das melhores \u00e1reas da Fl\u00f3rida.<\/p>\n<p>Conhecida como \"World most famous beach\" Daytona Beach nos oferece uma tranq\u00fcilidade caracter\u00edstica das cidades pequenas, munidas de facilidades das grandes cidades.<\/p>\n<p>Localizada a uma hora de Orlando pela interestadual no. 4, Daytona est\u00e1 geograficamente localizada perto das melhores atra\u00e7\u00f5es da Fl\u00f3rida, sendo o condado de Volusia respons\u00e1vel por mais de 40 Km de praias initerruptas. S\u00e3o quatro cidades unidas somente com indica\u00e7\u00e3o de mudan\u00e7a de munic\u00edpio. Na parte a\u00e9rea, a Phoenix East Aviation est\u00e1 no centro de uma ARSA (semelhante a uma TMA no Brasil), dotada de tr\u00eas pistas, sendo o aeroporto, internacional.<\/p>\n<p>Na cidade, temos grandes supermercados como rede K-mart, Target e Albertson's, in\u00fameros pequenos markets como 7-eleven e walgreen's, uma infinidade de fast-foods como Wendy's, Mcdonald's, Burger Kink, Subway, assim como Dog trak, Hooter's e a Daytona Beach International Speedway, onde correm os mais velozes carros da Winston Cup como no filme Dias de Trov\u00e3o de Tom Cruise.<\/p>\n<p>Temos ainda mais tr\u00eas pequenos aeroportos, dotados de \"r\u00e1dio\", nas vizinhan\u00e7as para o primeiro v\u00f4o de nossos pilotos. Mais ao norte, checando as radiais para subida, chegaremos ao aeroporto de Jacksonville com toda a infra-estrutura de um grande aeroporto. Nos v\u00f4os, cheque as datas de lan\u00e7amento do \u00d4nibus Espacial e de uma escapadinha para acompanhar a 1000 p\u00e9s de altura. O espa\u00e7o a\u00e9reo \u00e9 restrito, mas \u00e9 poss\u00edvel. Valer\u00e1 a pena.<\/p>\n<p>Tempo bom ao longo do ano e noites claras na regi\u00e3o s\u00e3o uma constante, onde recomendo v\u00f4os solo para \"relaxar\" e apreciar o v\u00f4o noturno litor\u00e2neo (o pouso em noturno em Daytona \"ao lado de outra aeronave\", de prefer\u00eancia um Emb-120, \u00e9 fant\u00e1stico)<\/p>\n<p>N\u00e3o podemos esquecer da DaytonaSkyfest que acontece todos os anos. Trata-se de uma festa a\u00e9rea em \"casa\", com todos os jatos militares que temos direito. Escute a fonia e tor\u00e7a pelo aparecimento dos Thunderbirds, pelo time de demonstra\u00e7\u00e3o do F-16 ou Gene Soucy. Os \"rasos\" antes e depois da festa, na chegada e no retornadas aeronaves s\u00e3o o charme. Voc\u00ea provavelmente ver\u00e1 acrobacia noturna \u00e0s 21:00 h com Sean D. Tucker. O avi\u00e3o passa pr\u00f3ximo ao solo com \"chuva de prata\" nas pontas das asas, n\u00e3o se assuste.<\/p>\n<p>A estadia fica por conta da disposi\u00e7\u00e3o de nossos alunos, com nossa ajuda. Podemos \"alojar\" os alunos em apartamentos da regi\u00e3o que geralmente s\u00e3o or\u00e7ados com um custo de US$ 700.00 ao m\u00eas. S\u00e3o condom\u00ednios com dupla suite. (Normalmente cozinha e lavanderia j\u00e1 montados e completos, inclusive lava lou\u00e7as e microondas).<\/p>\n<p>H\u00e1 tamb\u00e9m um hotel \u00f3timo \u00e0 5 minutos da Phoenix ao lado Volusia Mall (principal Shopping da cidade). Chama-se Suburban Lodge. T\u00eam descontos para alunos da Phoenix. Os quartos t\u00eam uma pequena cozinha tamb\u00e9m com microondas. (veja mais no menu \"Informa\u00e7\u00f5es\" e em dicas de viagem)<\/p>\n<p>Recomendo em particular um \"racha\" com outro aluno, de prefer\u00eancia de outra nacionalidade, em condom\u00ednios com 2 suites para melhor proveito. Um custo total estimado de US$ 750.00 mensais lhe d\u00e1 uma boa id\u00e9ia de gastos gerais. (Ou seja, metade para aluguel e metade para as despesas gerais). L\u00f3gico, sem mordomias ou extravag\u00e2ncias. \u00c9 barato e vale a pena.<\/p>\n<p>O transporte \u00e9 feito por linha de \u00f4nibus (Votran), e a tarifa \u00e9 de US$ 1.00. Os \u00f4nibus s\u00e3o novos, autom\u00e1ticos, n\u00e3o t\u00eam cobrador e tem um excelente ar condicionado. N\u00e3o atrasam. Pode-se tamb\u00e9m adquirir uma bicicleta ou at\u00e9 alugar ou comprar um autom\u00f3vel, dependendo da disponibilidade de cada aluno.<\/p>\n<p>Para loca\u00e7\u00e3o de autom\u00f3veis, algumas locadoras s\u00f3 permitem loca\u00e7\u00e3o para estrangeiros com mais de 25 anos. N\u00e3o \u00e9 necess\u00e1rio tirar a carteira de motorista Americana para dirigir, a n\u00e3o ser que queiram. Seria recomendado a Driver's license para seu conforto como identidade. Tira-se no dia com uma taxa de US$ 20.00<\/p>\n<p>Terei um imenso prazer em poder indicar todas as melhores possibilidades para seu conforto e melhor aproveitamento DA ESCOLA COMO ALUNO, E DA REGI\u00c3O PARA TURISMO. As maiores d\u00favidas se encontram na p\u00e1gina D\u00favidas\/FAQ. N\u00e3o se esque\u00e7a que a Phoenix East oferece uma estrutura real para o ensino Internacional. Sem mencionar a utiliza\u00e7\u00e3o das mais modernas aeronaves IFR para treinamentos, e o livre acesso \u00e0 diretoria.<\/p>\n<p>At\u00e9 breve e bons v\u00f4os.<\/p>\n<\/p><\/div>\n<\/p><\/div>\n<p><!-- .dslc-module -->\n\t\t<\/div>\n<\/div>\n<\/div>\n<\/div>\n<\/div><\/div>","protected":false},"excerpt":{"rendered":"<p>SOBRE DAYTONA Sobre Daytona Phoenix East Aviation est\u00e1 localizada em uma das melhores \u00e1reas da Fl\u00f3rida. Conhecida como \"World most famous beach\" Daytona Beach nos oferece uma tranq\u00fcilidade caracter\u00edstica das cidades pequenas, munidas de facilidades das grandes cidades. Localizada a uma hora de Orlando pela interestadual no. 4, Daytona est\u00e1 geograficamente localizada perto das melhores [&hellip;]<\/p>\n","protected":false},"author":1,"featured_media":0,"parent":0,"menu_order":0,"comment_status":"closed","ping_status":"closed","template":"","meta":{"footnotes":""},"class_list":["post-26","page","type-page","status-publish","hentry"],"_links":{"self":[{"href":"https:\/\/voandoemdaytona.com.br\/index.php\/wp-json\/wp\/v2\/pages\/26","targetHints":{"allow":["GET"]}}],"collection":[{"href":"https:\/\/voandoemdaytona.com.br\/index.php\/wp-json\/wp\/v2\/pages"}],"about":[{"href":"https:\/\/voandoemdaytona.com.br\/index.php\/wp-json\/wp\/v2\/types\/page"}],"author":[{"embeddable":true,"href":"https:\/\/voandoemdaytona.com.br\/index.php\/wp-json\/wp\/v2\/users\/1"}],"replies":[{"embeddable":true,"href":"https:\/\/voandoemdaytona.com.br\/index.php\/wp-json\/wp\/v2\/comments?post=26"}],"version-history":[{"count":1,"href":"https:\/\/voandoemdaytona.com.br\/index.php\/wp-json\/wp\/v2\/pages\/26\/revisions"}],"predecessor-version":[{"id":27,"href":"https:\/\/voandoemdaytona.com.br\/index.php\/wp-json\/wp\/v2\/pages\/26\/revisions\/27"}],"wp:attachment":[{"href":"https:\/\/voandoemdaytona.com.br\/index.php\/wp-json\/wp\/v2\/media?parent=26"}],"curies":[{"name":"wp","href":"https:\/\/api.w.org\/{rel}","templated":true}]}}