{"id":59,"date":"2018-08-29T15:55:26","date_gmt":"2018-08-29T18:55:26","guid":{"rendered":"http:\/\/voandoemdaytona.com.br\/?page_id=59"},"modified":"2018-08-29T15:55:26","modified_gmt":"2018-08-29T18:55:26","slug":"informacoes-dos-cursos","status":"publish","type":"page","link":"https:\/\/voandoemdaytona.com.br\/index.php\/informacoes-dos-cursos\/","title":{"rendered":"Informa\u00e7\u00f5es dos Cursos"},"content":{"rendered":"<div id=\"dslc-theme-content\"><div id=\"dslc-theme-content-inner\"><div id=\"dslc-main\">\n<div  class=\"dslc-modules-section  dslc-hide-on-tablet  dslc-hide-on-phone \" style=\"padding-bottom:175px;padding-top:175px;padding-left:12%;padding-right:12%;background-color:#2ecc71;background-image:url(https:\/\/voandoemdaytona.com.br\/wp-content\/uploads\/2018\/08\/Teste-de-Banner-4.png);background-repeat:no-repeat;background-position:center center;background-size:cover;\" data-section-id=\"b0396af9df6\">\n<div class=\"dslc-modules-section-wrapper dslc-clearfix\">\n<style type=\"text\/css\" id=\"dslca-modules-area-\"><\/style>\n<div  class=\"dslc-modules-area dslc-col dslc-12-col dslc-last-col\" data-size=\"12\" data-valign=\"\" data-modules-area-id=\"\" >\n<div id=\"dslc-module-d6ddd7e0c93\" class=\"dslc-module-front dslc-module-DSLC_Text_Simple dslc-in-viewport-check dslc-in-viewport-anim-none  dslc-col dslc-12-col dslc-last-col  dslc-module-handle-like-regular \" data-module-id=\"d6ddd7e0c93\" data-module=\"DSLC_Text_Simple\" data-dslc-module-size=\"12\" data-dslc-anim=\"none\" data-dslc-anim-delay=\"\" data-dslc-anim-duration=\"650\"  data-dslc-anim-easing=\"ease\" data-dslc-preset=\"none\" >\n<div class=\"dslc-text-module-content\">\n<p>Cursos 141\/61<\/p>\n<\/p><\/div>\n<\/p><\/div>\n<p><!-- .dslc-module -->\n\t\t<\/div>\n<\/div>\n<\/div>\n<div  class=\"dslc-modules-section \" style=\"\" data-section-id=\"8d6e3079a47\">\n<div class=\"dslc-modules-section-wrapper dslc-clearfix\">\n<style type=\"text\/css\" id=\"dslca-modules-area-\"><\/style>\n<div  class=\"dslc-modules-area dslc-col dslc-12-col dslc-last-col\" data-size=\"12\" data-valign=\"\" data-modules-area-id=\"\" >\n<div id=\"dslc-module-5f0d760a276\" class=\"dslc-module-front dslc-module-DSLC_Text_Simple dslc-in-viewport-check dslc-in-viewport-anim-none  dslc-col dslc-12-col dslc-last-col  dslc-module-handle-like-regular \" data-module-id=\"5f0d760a276\" data-module=\"DSLC_Text_Simple\" data-dslc-module-size=\"12\" data-dslc-anim=\"none\" data-dslc-anim-delay=\"\" data-dslc-anim-duration=\"650\"  data-dslc-anim-easing=\"ease\" data-dslc-preset=\"none\" >\n<div class=\"dslc-text-module-content\">\n<h2 style=\"text-align: center;\"><strong>Cursos 141\/61<\/strong><\/h2>\n<p>(*) Todos os cursos descritos est\u00e3o de acordo com o programa da escola, sem altera\u00e7\u00f5es.<\/p>\n<p>H\u00e1 descontos para quem j\u00e1 t\u00eam pr\u00e9via experi\u00eancia. Consulte-nos (veja FAQ)<\/p>\n<p>Os pre\u00e7os s\u00e3o executados pela escola. S\u00e3o os mesmos para os Americanos.<\/p>\n<p>Os valores est\u00e3o sujeitos a altera\u00e7\u00f5es, sem pr\u00e9vio aviso, de acordo com as leis da Fl\u00f3rida. (veja FAQ)<\/p>\n<\/p><\/div>\n<\/p><\/div>\n<p><!-- .dslc-module -->\n\t\t<\/div>\n<\/div>\n<\/div>\n<\/div>\n<\/div><\/div>","protected":false},"excerpt":{"rendered":"<p>Cursos 141\/61 Cursos 141\/61 (*) Todos os cursos descritos est\u00e3o de acordo com o programa da escola, sem altera\u00e7\u00f5es. H\u00e1 descontos para quem j\u00e1 t\u00eam pr\u00e9via experi\u00eancia. Consulte-nos (veja FAQ) Os pre\u00e7os s\u00e3o executados pela escola. S\u00e3o os mesmos para os Americanos. Os valores est\u00e3o sujeitos a altera\u00e7\u00f5es, sem pr\u00e9vio aviso, de acordo com as [&hellip;]<\/p>\n","protected":false},"author":1,"featured_media":0,"parent":0,"menu_order":0,"comment_status":"closed","ping_status":"closed","template":"","meta":{"footnotes":""},"class_list":["post-59","page","type-page","status-publish","hentry"],"_links":{"self":[{"href":"https:\/\/voandoemdaytona.com.br\/index.php\/wp-json\/wp\/v2\/pages\/59","targetHints":{"allow":["GET"]}}],"collection":[{"href":"https:\/\/voandoemdaytona.com.br\/index.php\/wp-json\/wp\/v2\/pages"}],"about":[{"href":"https:\/\/voandoemdaytona.com.br\/index.php\/wp-json\/wp\/v2\/types\/page"}],"author":[{"embeddable":true,"href":"https:\/\/voandoemdaytona.com.br\/index.php\/wp-json\/wp\/v2\/users\/1"}],"replies":[{"embeddable":true,"href":"https:\/\/voandoemdaytona.com.br\/index.php\/wp-json\/wp\/v2\/comments?post=59"}],"version-history":[{"count":1,"href":"https:\/\/voandoemdaytona.com.br\/index.php\/wp-json\/wp\/v2\/pages\/59\/revisions"}],"predecessor-version":[{"id":60,"href":"https:\/\/voandoemdaytona.com.br\/index.php\/wp-json\/wp\/v2\/pages\/59\/revisions\/60"}],"wp:attachment":[{"href":"https:\/\/voandoemdaytona.com.br\/index.php\/wp-json\/wp\/v2\/media?parent=59"}],"curies":[{"name":"wp","href":"https:\/\/api.w.org\/{rel}","templated":true}]}}